{"id":3537,"date":"2025-12-12T13:30:05","date_gmt":"2025-12-12T19:30:05","guid":{"rendered":"https:\/\/icosupplies.com\/?post_type=product&#038;p=3537"},"modified":"2025-12-12T13:34:30","modified_gmt":"2025-12-12T19:34:30","slug":"51av0036-valvula-de-expansion-hyundai-santa-fe","status":"publish","type":"product","link":"https:\/\/icosupplies.com\/en\/producto\/51av0036-valvula-de-expansion-hyundai-santa-fe\/","title":{"rendered":"51AV0036- V\u00e1lvula de Expansi\u00f3n Hyundai Santa Fe"},"content":{"rendered":"<p>Aplicaci\u00f3n: Hyundai Santa Fe (01-06) 2.4L, 2.7L, 3.5L &#8211; Mazda BT-50 Cl\u00e1sico<\/p>\n<p>&nbsp;<\/p>\n","protected":false},"excerpt":{"rendered":"<p>Aplicaci\u00f3n: Hyundai Santa Fe (01-06) 2.4L, 2.7L, 3.5L &#8211; Mazda BT-50 Cl\u00e1sico &nbsp;<\/p>\n","protected":false},"featured_media":3538,"comment_status":"closed","ping_status":"closed","template":"","meta":[],"product_cat":[95,88],"product_tag":[],"class_list":{"0":"post-3537","1":"product","2":"type-product","3":"status-publish","4":"has-post-thumbnail","6":"product_cat-aire-acondicionado","7":"product_cat-valvulas-de-expansion","9":"first","10":"instock","11":"product-type-simple"},"_links":{"self":[{"href":"https:\/\/icosupplies.com\/en\/wp-json\/wp\/v2\/product\/3537","targetHints":{"allow":["GET"]}}],"collection":[{"href":"https:\/\/icosupplies.com\/en\/wp-json\/wp\/v2\/product"}],"about":[{"href":"https:\/\/icosupplies.com\/en\/wp-json\/wp\/v2\/types\/product"}],"replies":[{"embeddable":true,"href":"https:\/\/icosupplies.com\/en\/wp-json\/wp\/v2\/comments?post=3537"}],"wp:featuredmedia":[{"embeddable":true,"href":"https:\/\/icosupplies.com\/en\/wp-json\/wp\/v2\/media\/3538"}],"wp:attachment":[{"href":"https:\/\/icosupplies.com\/en\/wp-json\/wp\/v2\/media?parent=3537"}],"wp:term":[{"taxonomy":"product_cat","embeddable":true,"href":"https:\/\/icosupplies.com\/en\/wp-json\/wp\/v2\/product_cat?post=3537"},{"taxonomy":"product_tag","embeddable":true,"href":"https:\/\/icosupplies.com\/en\/wp-json\/wp\/v2\/product_tag?post=3537"}],"curies":[{"name":"wp","href":"https:\/\/api.w.org\/{rel}","templated":true}]}}