{"id":3507,"date":"2025-12-11T15:50:19","date_gmt":"2025-12-11T21:50:19","guid":{"rendered":"https:\/\/icosupplies.com\/?post_type=product&#038;p=3507"},"modified":"2025-12-11T15:57:51","modified_gmt":"2025-12-11T21:57:51","slug":"51av0060-valvula-de-expansion-mazda-cx-9","status":"publish","type":"product","link":"https:\/\/icosupplies.com\/en\/producto\/51av0060-valvula-de-expansion-mazda-cx-9\/","title":{"rendered":"51AV0060- V\u00e1lvula de Expansi\u00f3n Mazda CX-9"},"content":{"rendered":"<p>Aplicaci\u00f3n: Mazda CX-9 (07-15) 3.5L, 3.7L<\/p>\n<ul>\n<li>Entrada de Succi\u00f3n &#8211; 18mm<\/li>\n<li>Salida de Succi\u00f3n &#8211; 18mm<\/li>\n<li>Entrada de liquido \u2013 10mm<\/li>\n<li>Salida de liquido\u00a0 \u2013 15.5mm<\/li>\n<\/ul>\n","protected":false},"excerpt":{"rendered":"<p>Aplicaci\u00f3n: Mazda CX-9 (07-15) 3.5L, 3.7L Entrada de Succi\u00f3n &#8211; 18mm Salida de Succi\u00f3n &#8211; 18mm Entrada de liquido \u2013 10mm Salida de liquido\u00a0 \u2013 15.5mm<\/p>\n","protected":false},"featured_media":3508,"comment_status":"closed","ping_status":"closed","template":"","meta":[],"product_cat":[95,88],"product_tag":[],"class_list":{"0":"post-3507","1":"product","2":"type-product","3":"status-publish","4":"has-post-thumbnail","6":"product_cat-aire-acondicionado","7":"product_cat-valvulas-de-expansion","9":"first","10":"instock","11":"product-type-simple"},"_links":{"self":[{"href":"https:\/\/icosupplies.com\/en\/wp-json\/wp\/v2\/product\/3507","targetHints":{"allow":["GET"]}}],"collection":[{"href":"https:\/\/icosupplies.com\/en\/wp-json\/wp\/v2\/product"}],"about":[{"href":"https:\/\/icosupplies.com\/en\/wp-json\/wp\/v2\/types\/product"}],"replies":[{"embeddable":true,"href":"https:\/\/icosupplies.com\/en\/wp-json\/wp\/v2\/comments?post=3507"}],"wp:featuredmedia":[{"embeddable":true,"href":"https:\/\/icosupplies.com\/en\/wp-json\/wp\/v2\/media\/3508"}],"wp:attachment":[{"href":"https:\/\/icosupplies.com\/en\/wp-json\/wp\/v2\/media?parent=3507"}],"wp:term":[{"taxonomy":"product_cat","embeddable":true,"href":"https:\/\/icosupplies.com\/en\/wp-json\/wp\/v2\/product_cat?post=3507"},{"taxonomy":"product_tag","embeddable":true,"href":"https:\/\/icosupplies.com\/en\/wp-json\/wp\/v2\/product_tag?post=3507"}],"curies":[{"name":"wp","href":"https:\/\/api.w.org\/{rel}","templated":true}]}}