{"id":3493,"date":"2025-12-10T15:51:29","date_gmt":"2025-12-10T21:51:29","guid":{"rendered":"https:\/\/icosupplies.com\/?post_type=product&#038;p=3493"},"modified":"2025-12-10T15:56:35","modified_gmt":"2025-12-10T21:56:35","slug":"51av0057-valvula-de-expansion-mitsubishi-lancer","status":"publish","type":"product","link":"https:\/\/icosupplies.com\/en\/producto\/51av0057-valvula-de-expansion-mitsubishi-lancer\/","title":{"rendered":"51AV0057- V\u00e1lvula de Expansi\u00f3n Mitsubishi Lancer"},"content":{"rendered":"<p>Aplicaci\u00f3n:\u00a0 Mitsubishi Lancer (02-07) 2.0L &#8211; Mitsubishi Outlander (03-06) 2.4L<\/p>\n<ul>\n<li>Entrada de Succi\u00f3n &#8211; 16mm<\/li>\n<li>Salida de Succi\u00f3n &#8211; 16mm<\/li>\n<li>Entrada de liquido &#8211; 11mm<\/li>\n<li>Salida de liquido\u00a0 &#8211; 14mm<\/li>\n<\/ul>\n","protected":false},"excerpt":{"rendered":"<p>Aplicaci\u00f3n:\u00a0 Mitsubishi Lancer (02-07) 2.0L &#8211; Mitsubishi Outlander (03-06) 2.4L Entrada de Succi\u00f3n &#8211; 16mm Salida de Succi\u00f3n &#8211; 16mm Entrada de liquido &#8211; 11mm Salida de liquido\u00a0 &#8211; 14mm<\/p>\n","protected":false},"featured_media":3494,"comment_status":"closed","ping_status":"closed","template":"","meta":[],"product_cat":[95,88],"product_tag":[],"class_list":{"0":"post-3493","1":"product","2":"type-product","3":"status-publish","4":"has-post-thumbnail","6":"product_cat-aire-acondicionado","7":"product_cat-valvulas-de-expansion","9":"first","10":"instock","11":"product-type-simple"},"_links":{"self":[{"href":"https:\/\/icosupplies.com\/en\/wp-json\/wp\/v2\/product\/3493","targetHints":{"allow":["GET"]}}],"collection":[{"href":"https:\/\/icosupplies.com\/en\/wp-json\/wp\/v2\/product"}],"about":[{"href":"https:\/\/icosupplies.com\/en\/wp-json\/wp\/v2\/types\/product"}],"replies":[{"embeddable":true,"href":"https:\/\/icosupplies.com\/en\/wp-json\/wp\/v2\/comments?post=3493"}],"wp:featuredmedia":[{"embeddable":true,"href":"https:\/\/icosupplies.com\/en\/wp-json\/wp\/v2\/media\/3494"}],"wp:attachment":[{"href":"https:\/\/icosupplies.com\/en\/wp-json\/wp\/v2\/media?parent=3493"}],"wp:term":[{"taxonomy":"product_cat","embeddable":true,"href":"https:\/\/icosupplies.com\/en\/wp-json\/wp\/v2\/product_cat?post=3493"},{"taxonomy":"product_tag","embeddable":true,"href":"https:\/\/icosupplies.com\/en\/wp-json\/wp\/v2\/product_tag?post=3493"}],"curies":[{"name":"wp","href":"https:\/\/api.w.org\/{rel}","templated":true}]}}