{"id":3490,"date":"2025-12-10T15:38:35","date_gmt":"2025-12-10T21:38:35","guid":{"rendered":"https:\/\/icosupplies.com\/?post_type=product&#038;p=3490"},"modified":"2025-12-10T15:48:05","modified_gmt":"2025-12-10T21:48:05","slug":"51av0029-valvula-de-expansion-mitsubishi-outlander","status":"publish","type":"product","link":"https:\/\/icosupplies.com\/en\/producto\/51av0029-valvula-de-expansion-mitsubishi-outlander\/","title":{"rendered":"51AV0029- V\u00e1lvula de Expansi\u00f3n Mitsubishi Outlander"},"content":{"rendered":"<p>Aplicaci\u00f3n: Mitsubishi Outlander (07-13) 2.4L, 3.0L &#8211; Mitsubishi Lancer (08-17) 2.0L, 2.4L<\/p>\n<ul>\n<li>Entrada de Succi\u00f3n &#8211; 3\/8Pulg<\/li>\n<li>Salida de Succi\u00f3n &#8211; 1\/2 Pulg<\/li>\n<li>Entrada de liquido &#8211; 5\/8 Pulg<\/li>\n<li>Salida de liquido\u00a0 &#8211; 5\/8Pulg<\/li>\n<\/ul>\n","protected":false},"excerpt":{"rendered":"<p>Aplicaci\u00f3n: Mitsubishi Outlander (07-13) 2.4L, 3.0L &#8211; Mitsubishi Lancer (08-17) 2.0L, 2.4L Entrada de Succi\u00f3n &#8211; 3\/8Pulg Salida de Succi\u00f3n &#8211; 1\/2 Pulg Entrada de liquido &#8211; 5\/8 Pulg Salida de liquido\u00a0 &#8211; 5\/8Pulg<\/p>\n","protected":false},"featured_media":3491,"comment_status":"closed","ping_status":"closed","template":"","meta":[],"product_cat":[95,88],"product_tag":[],"class_list":{"0":"post-3490","1":"product","2":"type-product","3":"status-publish","4":"has-post-thumbnail","6":"product_cat-aire-acondicionado","7":"product_cat-valvulas-de-expansion","9":"first","10":"instock","11":"product-type-simple"},"_links":{"self":[{"href":"https:\/\/icosupplies.com\/en\/wp-json\/wp\/v2\/product\/3490","targetHints":{"allow":["GET"]}}],"collection":[{"href":"https:\/\/icosupplies.com\/en\/wp-json\/wp\/v2\/product"}],"about":[{"href":"https:\/\/icosupplies.com\/en\/wp-json\/wp\/v2\/types\/product"}],"replies":[{"embeddable":true,"href":"https:\/\/icosupplies.com\/en\/wp-json\/wp\/v2\/comments?post=3490"}],"wp:featuredmedia":[{"embeddable":true,"href":"https:\/\/icosupplies.com\/en\/wp-json\/wp\/v2\/media\/3491"}],"wp:attachment":[{"href":"https:\/\/icosupplies.com\/en\/wp-json\/wp\/v2\/media?parent=3490"}],"wp:term":[{"taxonomy":"product_cat","embeddable":true,"href":"https:\/\/icosupplies.com\/en\/wp-json\/wp\/v2\/product_cat?post=3490"},{"taxonomy":"product_tag","embeddable":true,"href":"https:\/\/icosupplies.com\/en\/wp-json\/wp\/v2\/product_tag?post=3490"}],"curies":[{"name":"wp","href":"https:\/\/api.w.org\/{rel}","templated":true}]}}