{"id":3485,"date":"2025-12-10T13:38:56","date_gmt":"2025-12-10T19:38:56","guid":{"rendered":"https:\/\/icosupplies.com\/?post_type=product&#038;p=3485"},"modified":"2025-12-10T15:30:29","modified_gmt":"2025-12-10T21:30:29","slug":"51a0109-valvula-de-expansion-freightliner","status":"publish","type":"product","link":"https:\/\/icosupplies.com\/en\/producto\/51a0109-valvula-de-expansion-freightliner\/","title":{"rendered":"51A0109 &#8211; V\u00e1lvula de Expansi\u00f3n Freightliner"},"content":{"rendered":"<p>Aplicaci\u00f3n: Cabezal Freightliner Columbia &#8211; Classic &#8211; Century Class<\/p>\n<ul>\n<li>Entrada de Succi\u00f3n &#8211; 14.6mm<\/li>\n<li>Salida de Succi\u00f3n &#8211; 14.6mm<\/li>\n<li>Entrada de liquido &#8211; 8.6mm<\/li>\n<li>Salida de liquido\u00a0 &#8211; 11.8mm<\/li>\n<\/ul>\n","protected":false},"excerpt":{"rendered":"<p>Aplicaci\u00f3n: Cabezal Freightliner Columbia &#8211; Classic &#8211; Century Class Entrada de Succi\u00f3n &#8211; 14.6mm Salida de Succi\u00f3n &#8211; 14.6mm Entrada de liquido &#8211; 8.6mm Salida de liquido\u00a0 &#8211; 11.8mm<\/p>\n","protected":false},"featured_media":3487,"comment_status":"closed","ping_status":"closed","template":"","meta":[],"product_cat":[109,127],"product_tag":[],"class_list":{"0":"post-3485","1":"product","2":"type-product","3":"status-publish","4":"has-post-thumbnail","6":"product_cat-air-conditioning","7":"product_cat-expansion-valves","9":"first","10":"instock","11":"product-type-simple"},"_links":{"self":[{"href":"https:\/\/icosupplies.com\/en\/wp-json\/wp\/v2\/product\/3485","targetHints":{"allow":["GET"]}}],"collection":[{"href":"https:\/\/icosupplies.com\/en\/wp-json\/wp\/v2\/product"}],"about":[{"href":"https:\/\/icosupplies.com\/en\/wp-json\/wp\/v2\/types\/product"}],"replies":[{"embeddable":true,"href":"https:\/\/icosupplies.com\/en\/wp-json\/wp\/v2\/comments?post=3485"}],"wp:featuredmedia":[{"embeddable":true,"href":"https:\/\/icosupplies.com\/en\/wp-json\/wp\/v2\/media\/3487"}],"wp:attachment":[{"href":"https:\/\/icosupplies.com\/en\/wp-json\/wp\/v2\/media?parent=3485"}],"wp:term":[{"taxonomy":"product_cat","embeddable":true,"href":"https:\/\/icosupplies.com\/en\/wp-json\/wp\/v2\/product_cat?post=3485"},{"taxonomy":"product_tag","embeddable":true,"href":"https:\/\/icosupplies.com\/en\/wp-json\/wp\/v2\/product_tag?post=3485"}],"curies":[{"name":"wp","href":"https:\/\/api.w.org\/{rel}","templated":true}]}}