{"id":3482,"date":"2025-12-10T13:21:23","date_gmt":"2025-12-10T19:21:23","guid":{"rendered":"https:\/\/icosupplies.com\/?post_type=product&#038;p=3482"},"modified":"2025-12-10T13:49:08","modified_gmt":"2025-12-10T19:49:08","slug":"51av0087-valvula-de-expansion-hyundai-tucson","status":"publish","type":"product","link":"https:\/\/icosupplies.com\/en\/producto\/51av0087-valvula-de-expansion-hyundai-tucson\/","title":{"rendered":"51AV0087 &#8211; V\u00e1lvula de Expansi\u00f3n Hyundai Tucson"},"content":{"rendered":"<p>Aplicaci\u00f3n: Honda Tucson (16-21) 2.0L, 2.4L &#8211; Kia Sportage (17-22) 2.0L, 2.4L<\/p>\n<ul>\n<li>Entrada de Succi\u00f3n &#8211; 16mm<\/li>\n<li>Salida de Succi\u00f3n &#8211; 16mm<\/li>\n<li>Entrada de liquido &#8211; 9mm<\/li>\n<li>Salida de liquido\u00a0 &#8211; 16mm<\/li>\n<\/ul>\n","protected":false},"excerpt":{"rendered":"<p>Aplicaci\u00f3n: Honda Tucson (16-21) 2.0L, 2.4L &#8211; Kia Sportage (17-22) 2.0L, 2.4L Entrada de Succi\u00f3n &#8211; 16mm Salida de Succi\u00f3n &#8211; 16mm Entrada de liquido &#8211; 9mm Salida de liquido\u00a0 &#8211; 16mm<\/p>\n","protected":false},"featured_media":3483,"comment_status":"closed","ping_status":"closed","template":"","meta":[],"product_cat":[95,88],"product_tag":[],"class_list":{"0":"post-3482","1":"product","2":"type-product","3":"status-publish","4":"has-post-thumbnail","6":"product_cat-aire-acondicionado","7":"product_cat-valvulas-de-expansion","9":"first","10":"instock","11":"product-type-simple"},"_links":{"self":[{"href":"https:\/\/icosupplies.com\/en\/wp-json\/wp\/v2\/product\/3482","targetHints":{"allow":["GET"]}}],"collection":[{"href":"https:\/\/icosupplies.com\/en\/wp-json\/wp\/v2\/product"}],"about":[{"href":"https:\/\/icosupplies.com\/en\/wp-json\/wp\/v2\/types\/product"}],"replies":[{"embeddable":true,"href":"https:\/\/icosupplies.com\/en\/wp-json\/wp\/v2\/comments?post=3482"}],"wp:featuredmedia":[{"embeddable":true,"href":"https:\/\/icosupplies.com\/en\/wp-json\/wp\/v2\/media\/3483"}],"wp:attachment":[{"href":"https:\/\/icosupplies.com\/en\/wp-json\/wp\/v2\/media?parent=3482"}],"wp:term":[{"taxonomy":"product_cat","embeddable":true,"href":"https:\/\/icosupplies.com\/en\/wp-json\/wp\/v2\/product_cat?post=3482"},{"taxonomy":"product_tag","embeddable":true,"href":"https:\/\/icosupplies.com\/en\/wp-json\/wp\/v2\/product_tag?post=3482"}],"curies":[{"name":"wp","href":"https:\/\/api.w.org\/{rel}","templated":true}]}}