{"id":3400,"date":"2025-11-06T11:37:28","date_gmt":"2025-11-06T17:37:28","guid":{"rendered":"https:\/\/icosupplies.com\/?post_type=product&#038;p=3400"},"modified":"2025-11-06T11:46:45","modified_gmt":"2025-11-06T17:46:45","slug":"56a0133-evaporador-toyota-tacoma","status":"publish","type":"product","link":"https:\/\/icosupplies.com\/en\/producto\/56a0133-evaporador-toyota-tacoma\/","title":{"rendered":"56A0133- Evaporador Toyota Tacoma"},"content":{"rendered":"<p>Evaporador para Toyota Tacoma (95-04) 2.7L, 3.4L<\/p>\n<ul>\n<li>Altura del n\u00facleo: 266,7mm<\/li>\n<li>Ancho del n\u00facleo: 214,313mm<\/li>\n<li>Profundidad del n\u00facleo: 90,487mm<\/li>\n<\/ul>\n","protected":false},"excerpt":{"rendered":"<p>Evaporador para Toyota Tacoma (95-04) 2.7L, 3.4L Altura del n\u00facleo: 266,7mm Ancho del n\u00facleo: 214,313mm Profundidad del n\u00facleo: 90,487mm<\/p>\n","protected":false},"featured_media":3401,"comment_status":"closed","ping_status":"closed","template":"","meta":[],"product_cat":[95,39],"product_tag":[],"class_list":{"0":"post-3400","1":"product","2":"type-product","3":"status-publish","4":"has-post-thumbnail","6":"product_cat-aire-acondicionado","7":"product_cat-evaporadores","9":"first","10":"instock","11":"product-type-simple"},"_links":{"self":[{"href":"https:\/\/icosupplies.com\/en\/wp-json\/wp\/v2\/product\/3400","targetHints":{"allow":["GET"]}}],"collection":[{"href":"https:\/\/icosupplies.com\/en\/wp-json\/wp\/v2\/product"}],"about":[{"href":"https:\/\/icosupplies.com\/en\/wp-json\/wp\/v2\/types\/product"}],"replies":[{"embeddable":true,"href":"https:\/\/icosupplies.com\/en\/wp-json\/wp\/v2\/comments?post=3400"}],"wp:featuredmedia":[{"embeddable":true,"href":"https:\/\/icosupplies.com\/en\/wp-json\/wp\/v2\/media\/3401"}],"wp:attachment":[{"href":"https:\/\/icosupplies.com\/en\/wp-json\/wp\/v2\/media?parent=3400"}],"wp:term":[{"taxonomy":"product_cat","embeddable":true,"href":"https:\/\/icosupplies.com\/en\/wp-json\/wp\/v2\/product_cat?post=3400"},{"taxonomy":"product_tag","embeddable":true,"href":"https:\/\/icosupplies.com\/en\/wp-json\/wp\/v2\/product_tag?post=3400"}],"curies":[{"name":"wp","href":"https:\/\/api.w.org\/{rel}","templated":true}]}}