{"id":2911,"date":"2025-08-26T10:01:20","date_gmt":"2025-08-26T16:01:20","guid":{"rendered":"https:\/\/icosupplies.com\/?post_type=product&#038;p=2911"},"modified":"2025-08-26T10:05:51","modified_gmt":"2025-08-26T16:05:51","slug":"59a11445-gal-flash-flush","status":"publish","type":"product","link":"https:\/\/icosupplies.com\/en\/producto\/59a11445-gal-flash-flush\/","title":{"rendered":"59A11445-GAL- Flash Flush"},"content":{"rendered":"<p>Flash Flush<\/p>\n<ul>\n<li>Marca: Supercool<\/li>\n<li>Presentaci\u00f3n: Gal\u00f3n<\/li>\n<li>No deja Residuos<\/li>\n<li>Descarga de evaporaci\u00f3n m\u00e1s r\u00e1pida.<\/li>\n<li>Penetra y elimina r\u00e1pidamente el aceite y otros contaminantes<\/li>\n<\/ul>\n<p>&nbsp;<\/p>\n<p>&nbsp;<\/p>\n","protected":false},"excerpt":{"rendered":"<p>Flash Flush Marca: Supercool Presentaci\u00f3n: Gal\u00f3n No deja Residuos Descarga de evaporaci\u00f3n m\u00e1s r\u00e1pida. Penetra y elimina r\u00e1pidamente el aceite y otros contaminantes &nbsp; &nbsp;<\/p>\n","protected":false},"featured_media":2912,"comment_status":"closed","ping_status":"closed","template":"","meta":[],"product_cat":[98,50],"product_tag":[],"class_list":{"0":"post-2911","1":"product","2":"type-product","3":"status-publish","4":"has-post-thumbnail","6":"product_cat-insumos","7":"product_cat-herramientas-y-accesorios","9":"first","10":"instock","11":"product-type-simple"},"_links":{"self":[{"href":"https:\/\/icosupplies.com\/en\/wp-json\/wp\/v2\/product\/2911","targetHints":{"allow":["GET"]}}],"collection":[{"href":"https:\/\/icosupplies.com\/en\/wp-json\/wp\/v2\/product"}],"about":[{"href":"https:\/\/icosupplies.com\/en\/wp-json\/wp\/v2\/types\/product"}],"replies":[{"embeddable":true,"href":"https:\/\/icosupplies.com\/en\/wp-json\/wp\/v2\/comments?post=2911"}],"wp:featuredmedia":[{"embeddable":true,"href":"https:\/\/icosupplies.com\/en\/wp-json\/wp\/v2\/media\/2912"}],"wp:attachment":[{"href":"https:\/\/icosupplies.com\/en\/wp-json\/wp\/v2\/media?parent=2911"}],"wp:term":[{"taxonomy":"product_cat","embeddable":true,"href":"https:\/\/icosupplies.com\/en\/wp-json\/wp\/v2\/product_cat?post=2911"},{"taxonomy":"product_tag","embeddable":true,"href":"https:\/\/icosupplies.com\/en\/wp-json\/wp\/v2\/product_tag?post=2911"}],"curies":[{"name":"wp","href":"https:\/\/api.w.org\/{rel}","templated":true}]}}