{"id":1097,"date":"2025-05-26T09:51:47","date_gmt":"2025-05-26T15:51:47","guid":{"rendered":"https:\/\/icosupplies.com\/?post_type=product&#038;p=1097"},"modified":"2025-12-12T10:36:56","modified_gmt":"2025-12-12T16:36:56","slug":"51a0301-valvula-de-expansion","status":"publish","type":"product","link":"https:\/\/icosupplies.com\/en\/producto\/51a0301-valvula-de-expansion\/","title":{"rendered":"51A0301- V\u00e1lvula de Expansi\u00f3n Volvo"},"content":{"rendered":"<p>Aplicaci\u00f3n: Volvo &#8211; Mercedes-Benz &#8211; BMW<\/p>\n<ul>\n<li>Entrada de Succi\u00f3n: 16mm<\/li>\n<li>Salida de Succi\u00f3n: 19mm<\/li>\n<li>Entrada de L\u00edquido: 10mm<\/li>\n<li>Salida de L\u00edquido: 13mm<br \/>\nMedidas: #12,6 y #10,8<\/li>\n<\/ul>\n","protected":false},"excerpt":{"rendered":"<p>Aplicaci\u00f3n: Volvo &#8211; Mercedes-Benz &#8211; BMW Entrada de Succi\u00f3n: 16mm Salida de Succi\u00f3n: 19mm Entrada de L\u00edquido: 10mm Salida de L\u00edquido: 13mm Medidas: #12,6 y #10,8<\/p>\n","protected":false},"featured_media":3524,"comment_status":"closed","ping_status":"closed","template":"","meta":[],"product_cat":[95,88],"product_tag":[],"class_list":{"0":"post-1097","1":"product","2":"type-product","3":"status-publish","4":"has-post-thumbnail","6":"product_cat-aire-acondicionado","7":"product_cat-valvulas-de-expansion","9":"first","10":"instock","11":"product-type-simple"},"_links":{"self":[{"href":"https:\/\/icosupplies.com\/en\/wp-json\/wp\/v2\/product\/1097","targetHints":{"allow":["GET"]}}],"collection":[{"href":"https:\/\/icosupplies.com\/en\/wp-json\/wp\/v2\/product"}],"about":[{"href":"https:\/\/icosupplies.com\/en\/wp-json\/wp\/v2\/types\/product"}],"replies":[{"embeddable":true,"href":"https:\/\/icosupplies.com\/en\/wp-json\/wp\/v2\/comments?post=1097"}],"wp:featuredmedia":[{"embeddable":true,"href":"https:\/\/icosupplies.com\/en\/wp-json\/wp\/v2\/media\/3524"}],"wp:attachment":[{"href":"https:\/\/icosupplies.com\/en\/wp-json\/wp\/v2\/media?parent=1097"}],"wp:term":[{"taxonomy":"product_cat","embeddable":true,"href":"https:\/\/icosupplies.com\/en\/wp-json\/wp\/v2\/product_cat?post=1097"},{"taxonomy":"product_tag","embeddable":true,"href":"https:\/\/icosupplies.com\/en\/wp-json\/wp\/v2\/product_tag?post=1097"}],"curies":[{"name":"wp","href":"https:\/\/api.w.org\/{rel}","templated":true}]}}