{"id":1092,"date":"2025-05-26T09:51:47","date_gmt":"2025-05-26T15:51:47","guid":{"rendered":"https:\/\/icosupplies.com\/?post_type=product&#038;p=1092"},"modified":"2025-12-12T09:50:26","modified_gmt":"2025-12-12T15:50:26","slug":"51a0102-valvula-de-expansion","status":"publish","type":"product","link":"https:\/\/icosupplies.com\/en\/producto\/51a0102-valvula-de-expansion\/","title":{"rendered":"51A0102 &#8211; V\u00e1lvula de Expansi\u00f3n"},"content":{"rendered":"<p>Aplicaci\u00f3n: Freightliner Columbia -Century Class<\/p>\n<ul>\n<li>Entrada No. 10 \u2013 Entrada No. 6<\/li>\n<li>Salida n\u00ba 10 &#8211; Salida n\u00ba 6<\/li>\n<li>Entrada de succi\u00f3n (mm) 21<\/li>\n<li>Salida de succi\u00f3n (mm) 21<\/li>\n<li>Entrada de l\u00edquido (mm) 15<\/li>\n<li>Salida de l\u00edquido (mm) 18<\/li>\n<\/ul>\n","protected":false},"excerpt":{"rendered":"<p>Aplicaci\u00f3n: Freightliner Columbia -Century Class Entrada No. 10 \u2013 Entrada No. 6 Salida n\u00ba 10 &#8211; Salida n\u00ba 6 Entrada de succi\u00f3n (mm) 21 Salida de succi\u00f3n (mm) 21 Entrada de l\u00edquido (mm) 15 Salida de l\u00edquido (mm) 18<\/p>\n","protected":false},"featured_media":3512,"comment_status":"closed","ping_status":"closed","template":"","meta":[],"product_cat":[95,88],"product_tag":[],"class_list":{"0":"post-1092","1":"product","2":"type-product","3":"status-publish","4":"has-post-thumbnail","6":"product_cat-aire-acondicionado","7":"product_cat-valvulas-de-expansion","9":"first","10":"instock","11":"product-type-simple"},"_links":{"self":[{"href":"https:\/\/icosupplies.com\/en\/wp-json\/wp\/v2\/product\/1092","targetHints":{"allow":["GET"]}}],"collection":[{"href":"https:\/\/icosupplies.com\/en\/wp-json\/wp\/v2\/product"}],"about":[{"href":"https:\/\/icosupplies.com\/en\/wp-json\/wp\/v2\/types\/product"}],"replies":[{"embeddable":true,"href":"https:\/\/icosupplies.com\/en\/wp-json\/wp\/v2\/comments?post=1092"}],"wp:featuredmedia":[{"embeddable":true,"href":"https:\/\/icosupplies.com\/en\/wp-json\/wp\/v2\/media\/3512"}],"wp:attachment":[{"href":"https:\/\/icosupplies.com\/en\/wp-json\/wp\/v2\/media?parent=1092"}],"wp:term":[{"taxonomy":"product_cat","embeddable":true,"href":"https:\/\/icosupplies.com\/en\/wp-json\/wp\/v2\/product_cat?post=1092"},{"taxonomy":"product_tag","embeddable":true,"href":"https:\/\/icosupplies.com\/en\/wp-json\/wp\/v2\/product_tag?post=1092"}],"curies":[{"name":"wp","href":"https:\/\/api.w.org\/{rel}","templated":true}]}}