{"id":1039,"date":"2025-05-26T09:51:25","date_gmt":"2025-05-26T15:51:25","guid":{"rendered":"https:\/\/icosupplies.com\/?post_type=product&#038;p=1039"},"modified":"2025-06-11T17:23:14","modified_gmt":"2025-06-11T23:23:14","slug":"55a11317-compresor-telehandler-jcb","status":"publish","type":"product","link":"https:\/\/icosupplies.com\/en\/producto\/55a11317-compresor-telehandler-jcb\/","title":{"rendered":"55A11317 &#8211; Compresor Telehandler JCB"},"content":{"rendered":"<p>Aplicaci\u00f3n: Telehandler JCB<br \/>\n<br \/>Marca: SANDEN<br \/>\n<br \/>Cuerpo: SD7H15<br \/>\n<br \/>Tipo Polea: 8 L\u00edneas<br \/>\n<br \/>Di\u00e1metro Polea: 119mm<br \/>\n<br \/>Voltaje: 12V<\/p>\n","protected":false},"excerpt":{"rendered":"<p>Aplicaci\u00f3n: Telehandler JCB Marca: SANDEN Cuerpo: SD7H15 Tipo Polea: 8 L\u00edneas Di\u00e1metro Polea: 119mm Voltaje: 12V<\/p>\n","protected":false},"featured_media":1067,"comment_status":"closed","ping_status":"closed","template":"","meta":[],"product_cat":[38,95,78],"product_tag":[],"class_list":{"0":"post-1039","1":"product","2":"type-product","3":"status-publish","4":"has-post-thumbnail","6":"product_cat-compresores","7":"product_cat-aire-acondicionado","8":"product_cat-maquinaria","10":"first","11":"instock","12":"product-type-simple"},"_links":{"self":[{"href":"https:\/\/icosupplies.com\/en\/wp-json\/wp\/v2\/product\/1039","targetHints":{"allow":["GET"]}}],"collection":[{"href":"https:\/\/icosupplies.com\/en\/wp-json\/wp\/v2\/product"}],"about":[{"href":"https:\/\/icosupplies.com\/en\/wp-json\/wp\/v2\/types\/product"}],"replies":[{"embeddable":true,"href":"https:\/\/icosupplies.com\/en\/wp-json\/wp\/v2\/comments?post=1039"}],"wp:featuredmedia":[{"embeddable":true,"href":"https:\/\/icosupplies.com\/en\/wp-json\/wp\/v2\/media\/1067"}],"wp:attachment":[{"href":"https:\/\/icosupplies.com\/en\/wp-json\/wp\/v2\/media?parent=1039"}],"wp:term":[{"taxonomy":"product_cat","embeddable":true,"href":"https:\/\/icosupplies.com\/en\/wp-json\/wp\/v2\/product_cat?post=1039"},{"taxonomy":"product_tag","embeddable":true,"href":"https:\/\/icosupplies.com\/en\/wp-json\/wp\/v2\/product_tag?post=1039"}],"curies":[{"name":"wp","href":"https:\/\/api.w.org\/{rel}","templated":true}]}}