{"id":1038,"date":"2025-05-26T09:51:25","date_gmt":"2025-05-26T15:51:25","guid":{"rendered":"https:\/\/icosupplies.com\/?post_type=product&#038;p=1038"},"modified":"2025-06-11T17:23:14","modified_gmt":"2025-06-11T23:23:14","slug":"55a0202-compresor-freightliner","status":"publish","type":"product","link":"https:\/\/icosupplies.com\/en\/producto\/55a0202-compresor-freightliner\/","title":{"rendered":"55A0202 &#8211; Compresor Freightliner"},"content":{"rendered":"<p>Aplicaci\u00f3n: Cabezal Freightliner<br \/>\n<br \/>Marca: TCCI<br \/>\n<br \/>Cuerpo: TCCI<br \/>\n<br \/>Tipo Polea: 2 L\u00edneas<br \/>\n<br \/>Di\u00e1metro Polea: 152mm<br \/>\n<br \/>Voltaje: 12V<\/p>\n","protected":false},"excerpt":{"rendered":"<p>Aplicaci\u00f3n: Cabezal Freightliner Marca: TCCI Cuerpo: TCCI Tipo Polea: 2 L\u00edneas Di\u00e1metro Polea: 152mm Voltaje: 12V<\/p>\n","protected":false},"featured_media":1066,"comment_status":"closed","ping_status":"closed","template":"","meta":[],"product_cat":[95,38,77],"product_tag":[],"class_list":{"0":"post-1038","1":"product","2":"type-product","3":"status-publish","4":"has-post-thumbnail","6":"product_cat-aire-acondicionado","7":"product_cat-compresores","8":"product_cat-cabezales","10":"first","11":"instock","12":"product-type-simple"},"_links":{"self":[{"href":"https:\/\/icosupplies.com\/en\/wp-json\/wp\/v2\/product\/1038","targetHints":{"allow":["GET"]}}],"collection":[{"href":"https:\/\/icosupplies.com\/en\/wp-json\/wp\/v2\/product"}],"about":[{"href":"https:\/\/icosupplies.com\/en\/wp-json\/wp\/v2\/types\/product"}],"replies":[{"embeddable":true,"href":"https:\/\/icosupplies.com\/en\/wp-json\/wp\/v2\/comments?post=1038"}],"wp:featuredmedia":[{"embeddable":true,"href":"https:\/\/icosupplies.com\/en\/wp-json\/wp\/v2\/media\/1066"}],"wp:attachment":[{"href":"https:\/\/icosupplies.com\/en\/wp-json\/wp\/v2\/media?parent=1038"}],"wp:term":[{"taxonomy":"product_cat","embeddable":true,"href":"https:\/\/icosupplies.com\/en\/wp-json\/wp\/v2\/product_cat?post=1038"},{"taxonomy":"product_tag","embeddable":true,"href":"https:\/\/icosupplies.com\/en\/wp-json\/wp\/v2\/product_tag?post=1038"}],"curies":[{"name":"wp","href":"https:\/\/api.w.org\/{rel}","templated":true}]}}