{"id":1030,"date":"2025-05-26T09:51:24","date_gmt":"2025-05-26T15:51:24","guid":{"rendered":"https:\/\/icosupplies.com\/?post_type=product&#038;p=1030"},"modified":"2025-06-11T17:23:15","modified_gmt":"2025-06-11T23:23:15","slug":"55a0403-compresor-case","status":"publish","type":"product","link":"https:\/\/icosupplies.com\/en\/producto\/55a0403-compresor-case\/","title":{"rendered":"55A0403 &#8211; Compresor Case"},"content":{"rendered":"<p>Aplicaci\u00f3n: Tractor Case Cargador 821C <br \/>Marca: Sanden<br \/>\n<br \/>Cuerpo: SD7H15<br \/>\n<br \/>Tipo Polea: 8 L\u00edneas<br \/>\n<br \/>Di\u00e1metro Polea: 119mm<br \/>\n<br \/>Voltaje: 24V<\/p>\n","protected":false},"excerpt":{"rendered":"<p>Aplicaci\u00f3n: Tractor Case Cargador 821C Marca: Sanden Cuerpo: SD7H15 Tipo Polea: 8 L\u00edneas Di\u00e1metro Polea: 119mm Voltaje: 24V<\/p>\n","protected":false},"featured_media":1058,"comment_status":"closed","ping_status":"closed","template":"","meta":[],"product_cat":[38,95,78],"product_tag":[],"class_list":{"0":"post-1030","1":"product","2":"type-product","3":"status-publish","4":"has-post-thumbnail","6":"product_cat-compresores","7":"product_cat-aire-acondicionado","8":"product_cat-maquinaria","10":"first","11":"instock","12":"product-type-simple"},"_links":{"self":[{"href":"https:\/\/icosupplies.com\/en\/wp-json\/wp\/v2\/product\/1030","targetHints":{"allow":["GET"]}}],"collection":[{"href":"https:\/\/icosupplies.com\/en\/wp-json\/wp\/v2\/product"}],"about":[{"href":"https:\/\/icosupplies.com\/en\/wp-json\/wp\/v2\/types\/product"}],"replies":[{"embeddable":true,"href":"https:\/\/icosupplies.com\/en\/wp-json\/wp\/v2\/comments?post=1030"}],"wp:featuredmedia":[{"embeddable":true,"href":"https:\/\/icosupplies.com\/en\/wp-json\/wp\/v2\/media\/1058"}],"wp:attachment":[{"href":"https:\/\/icosupplies.com\/en\/wp-json\/wp\/v2\/media?parent=1030"}],"wp:term":[{"taxonomy":"product_cat","embeddable":true,"href":"https:\/\/icosupplies.com\/en\/wp-json\/wp\/v2\/product_cat?post=1030"},{"taxonomy":"product_tag","embeddable":true,"href":"https:\/\/icosupplies.com\/en\/wp-json\/wp\/v2\/product_tag?post=1030"}],"curies":[{"name":"wp","href":"https:\/\/api.w.org\/{rel}","templated":true}]}}